{"id":48,"date":"2016-02-17T10:35:39","date_gmt":"2016-02-17T09:35:39","guid":{"rendered":"http:\/\/schranzbuaba.at\/?page_id=48"},"modified":"2024-12-13T13:50:56","modified_gmt":"2024-12-13T12:50:56","slug":"tarife-und-agb-bergfuehrer","status":"publish","type":"page","link":"https:\/\/schranzbuaba.at\/?page_id=48","title":{"rendered":"TARIFE und AGB"},"content":{"rendered":"\t\t<div data-elementor-type=\"wp-page\" data-elementor-id=\"48\" class=\"elementor elementor-48\">\n\t\t\t\t\t\t<section class=\"elementor-section elementor-top-section elementor-element elementor-element-4bd9dae elementor-section-boxed elementor-section-height-default elementor-section-height-default\" data-id=\"4bd9dae\" data-element_type=\"section\">\n\t\t\t\t\t\t<div class=\"elementor-container elementor-column-gap-default\">\n\t\t\t\t\t<div class=\"elementor-column elementor-col-100 elementor-top-column elementor-element elementor-element-21f317c\" data-id=\"21f317c\" data-element_type=\"column\">\n\t\t\t<div class=\"elementor-widget-wrap elementor-element-populated\">\n\t\t\t\t\t\t<div class=\"elementor-element elementor-element-d20a7e6 elementor-widget elementor-widget-text-editor\" data-id=\"d20a7e6\" data-element_type=\"widget\" data-widget_type=\"text-editor.default\">\n\t\t\t\t<div class=\"elementor-widget-container\">\n\t\t\t\t\t\t\t\t\t<p class=\"MsoNormal\" style=\"margin-bottom: 0cm; line-height: normal;\"><span style=\"font-size: 12.0pt; font-family: Roboto; mso-fareast-font-family: 'Times New Roman'; mso-bidi-font-family: 'Courier New';\">Der offizielle Tagessatz der Tiroler Berg und Schif\u00fchrer f\u00fcr das Jahr 2025 betr\u00e4gt <b>\u20ac 500<\/b>, der Stundensatz <b>\u20ac 100<\/b>.<\/span><\/p><p class=\"MsoNormal\" style=\"margin-bottom: 0cm; line-height: normal;\"><span style=\"font-size: 12.0pt; font-family: Roboto; mso-fareast-font-family: 'Times New Roman'; mso-bidi-font-family: 'Times New Roman';\">\u00a0<\/span><span style=\"font-family: Roboto; font-size: 12pt; font-weight: var( --e-global-typography-text-font-weight );\">Alle Preise sind ohne Gew\u00e4hr, je nach Schwierigkeit der Tour, Anzahl der Personen und Zeitaufwand.\u00a0<\/span><\/p><p class=\"MsoNormal\" style=\"line-height: normal;\"><b><span style=\"font-size: 12.0pt; font-family: Roboto; mso-fareast-font-family: 'Times New Roman'; mso-bidi-font-family: 'Times New Roman';\">\u00a0<\/span><\/b><\/p><p class=\"MsoNormal\" style=\"line-height: normal;\"><b><span style=\"font-size: 12.0pt; font-family: Roboto; mso-fareast-font-family: 'Times New Roman'; mso-bidi-font-family: 'Times New Roman';\">Spesen\u00a0<\/span><\/b><span style=\"font-size: 12.0pt; font-family: Roboto; mso-fareast-font-family: 'Times New Roman'; mso-bidi-font-family: 'Times New Roman';\">k\u00f6nnen Leihausr\u00fcstung, Transfers, Verpflegung und \u00dcbernachtungen sein, diese sind idR<b>\u00a0<\/b>nicht im Preis enthalten\u00a0enthalten.<\/span><\/p><p class=\"MsoNormal\" style=\"line-height: normal;\"><span style=\"font-size: 12.0pt; font-family: Roboto; mso-fareast-font-family: 'Times New Roman'; mso-bidi-font-family: 'Times New Roman';\">F\u00fcr aktuelle Tourenpreise nehmen Sie bitte direkt mit uns Kontakt auf.<\/span><\/p><p class=\"MsoNormal\" style=\"line-height: normal;\"><span style=\"font-size: 12.0pt; font-family: Roboto; mso-fareast-font-family: 'Times New Roman'; mso-bidi-font-family: 'Times New Roman';\">A<b>GB:<\/b> <a href=\"http:\/\/schranzbuaba.at\/wp-content\/uploads\/2024\/12\/AGB-Schranzbuaba.pdf\">F\u00fcr PDF Download anklicken.<\/a><\/span><\/p><p class=\"MsoNormal\" style=\"line-height: normal;\"><b style=\"font-family: var( --e-global-typography-text-font-family ), Sans-serif; font-size: 1rem;\"><span style=\"font-size: 12.0pt; font-family: Roboto; mso-fareast-font-family: 'Times New Roman'; mso-bidi-font-family: 'Courier New';\">Versicherung:\u00a0<\/span><\/b><\/p><p class=\"MsoNormal\" style=\"margin-bottom: 0cm; line-height: normal;\"><span style=\"font-family: Roboto; font-size: 12pt;\">Bergsteigen<\/span><span style=\"font-size: 12.0pt; font-family: Roboto; mso-fareast-font-family: 'Times New Roman'; mso-bidi-font-family: Arial;\"> ist ein Risikosport.\u00a0Der Teilnehmer verpflichtet sich f\u00fcr gen\u00fcgenden<br \/>Versicherungsschutz. Wir empfehlen Ihnen eine ausreichende Unfall- u.<br \/>Reiseversicherung sowie eine Reisekostenr\u00fccktrittversicherung.<\/span><\/p><p>\u00a0<\/p><p class=\"MsoNormal\" style=\"margin-bottom: 0cm; line-height: normal;\"><span style=\"font-size: 12.0pt; font-family: Roboto; mso-fareast-font-family: 'Times New Roman'; mso-bidi-font-family: Arial;\">Informationen finden Sie in den hier angef\u00fcgten Links:<\/span><\/p><p class=\"MsoNormal\" style=\"text-indent: -18pt; line-height: normal; margin: 0cm 0cm 0cm 36pt;\"><!-- [if !supportLists]--><span style=\"font-size: 10.0pt; mso-bidi-font-size: 12.0pt; font-family: Symbol; mso-fareast-font-family: Symbol; mso-bidi-font-family: Symbol;\">\u00b7<span style=\"font-variant-numeric: normal; font-variant-east-asian: normal; font-stretch: normal; font-size: 7pt; line-height: normal; font-family: 'Times New Roman';\"> \u00a0\u00a0\u00a0\u00a0\u00a0<\/span><\/span><span style=\"font-size: 12.0pt; font-family: Roboto; mso-fareast-font-family: 'Times New Roman'; mso-bidi-font-family: 'Courier New';\">Stornoversicherung:<a href=\"http:\/\/start.europaeische.at\/hsp?AGN=10018533\"><span style=\"color: windowtext;\"> Link<\/span><\/a>.\u00a0<\/span><\/p><p class=\"MsoNormal\" style=\"text-indent: -18pt; line-height: normal; margin: 0cm 0cm 0cm 36pt;\"><!-- [if !supportLists]--><span style=\"font-size: 10.0pt; mso-bidi-font-size: 12.0pt; font-family: Symbol; mso-fareast-font-family: Symbol; mso-bidi-font-family: Symbol;\">\u00b7<span style=\"font-variant-numeric: normal; font-variant-east-asian: normal; font-stretch: normal; font-size: 7pt; line-height: normal; font-family: 'Times New Roman';\"> \u00a0\u00a0\u00a0\u00a0\u00a0<\/span><\/span><span style=\"font-size: 12.0pt; font-family: Roboto; mso-fareast-font-family: 'Times New Roman'; mso-bidi-font-family: 'Courier New';\">Alpenvereinsmitgliedschaft:<a href=\"https:\/\/www.alpenverein.at\/portal\/service\/mitgliedschaft\/index.php\"><span style=\"color: windowtext;\"> Link<\/span><\/a><\/span><\/p><p class=\"MsoNormal\" style=\"text-indent: -18pt; line-height: normal; margin: 0cm 0cm 0cm 36pt;\"><!-- [if !supportLists]--><span style=\"font-size: 10.0pt; mso-bidi-font-size: 12.0pt; font-family: Symbol; mso-fareast-font-family: Symbol; mso-bidi-font-family: Symbol;\">\u00b7<span style=\"font-variant-numeric: normal; font-variant-east-asian: normal; font-stretch: normal; font-size: 7pt; line-height: normal; font-family: 'Times New Roman';\"> \u00a0\u00a0\u00a0\u00a0\u00a0<\/span><\/span><span style=\"font-size: 12.0pt; font-family: Roboto; mso-fareast-font-family: 'Times New Roman'; mso-bidi-font-family: 'Courier New';\">Bergekostenversicherung der Bergrettung Tirol:\u00a0<a href=\"https:\/\/bergrettung.tirol\/bergungskostenversicherung\" target=\"_blank\" rel=\"noopener\"><span style=\"color: windowtext;\">Link<\/span><\/a><\/span><\/p><p class=\"MsoNormal\" style=\"margin-bottom: 0cm; line-height: normal;\"><span style=\"font-size: 12.0pt; font-family: Roboto; mso-fareast-font-family: 'Times New Roman'; mso-bidi-font-family: 'Courier New';\">Als qualifizierte Berg- und Schif\u00fchrer ist unser Bestreben Ihnen gr\u00f6\u00dftm\u00f6gliche Sicherheit in den Bergen zu bieten. <\/span><\/p><p class=\"MsoNormal\" style=\"margin-bottom: 0cm; line-height: normal;\"><span style=\"font-size: 12.0pt; font-family: Roboto; mso-fareast-font-family: 'Times New Roman'; mso-bidi-font-family: 'Courier New';\">Die besonderen Gefahren im Gebirge konfrontieren uns hin und wieder mit Grenzbereichen, die nicht klar erkennbar sind. <\/span><\/p><p>\u00a0<\/p><p class=\"MsoNormal\" style=\"line-height: normal;\"><span style=\"font-size: 12.0pt; font-family: Roboto; mso-fareast-font-family: 'Times New Roman'; mso-bidi-font-family: 'Times New Roman';\">Bergheil,<br \/>eure Schranzbuaba<\/span><\/p><p class=\"MsoNormal\"><span style=\"font-size: 12.0pt; line-height: 107%; font-family: Roboto;\">\u00a0<\/span><\/p><p class=\"MsoNormal\"><span style=\"font-size: 12.0pt; line-height: 107%; font-family: Roboto;\">\u00a0<\/span><\/p>\t\t\t\t\t\t\t\t<\/div>\n\t\t\t\t<\/div>\n\t\t\t\t\t<\/div>\n\t\t<\/div>\n\t\t\t\t\t<\/div>\n\t\t<\/section>\n\t\t\t\t<\/div>\n\t\t","protected":false},"excerpt":{"rendered":"<p>Der offizielle Tagessatz der Tiroler Berg und Schif\u00fchrer f\u00fcr das Jahr 2025 betr\u00e4gt \u20ac 500, der Stundensatz \u20ac 100. \u00a0Alle Preise sind ohne Gew\u00e4hr, je nach Schwierigkeit der Tour, Anzahl der Personen und Zeitaufwand.\u00a0 \u00a0 Spesen\u00a0k\u00f6nnen Leihausr\u00fcstung, Transfers, Verpflegung und \u00dcbernachtungen sein, diese sind idR\u00a0nicht im Preis enthalten\u00a0enthalten. F\u00fcr aktuelle Tourenpreise nehmen Sie bitte direkt [&hellip;]<\/p>\n","protected":false},"author":1,"featured_media":1732,"parent":0,"menu_order":0,"comment_status":"closed","ping_status":"closed","template":"","meta":{"jetpack_post_was_ever_published":false,"footnotes":""},"tags":[82,13,84,81,83],"class_list":["post-48","page","type-page","status-publish","has-post-thumbnail","hentry","tag-agb","tag-homeslider","tag-spesen","tag-tarif","tag-tariff"],"jetpack_shortlink":"https:\/\/wp.me\/P7jp0k-M","jetpack_sharing_enabled":true,"_links":{"self":[{"href":"https:\/\/schranzbuaba.at\/index.php?rest_route=\/wp\/v2\/pages\/48","targetHints":{"allow":["GET"]}}],"collection":[{"href":"https:\/\/schranzbuaba.at\/index.php?rest_route=\/wp\/v2\/pages"}],"about":[{"href":"https:\/\/schranzbuaba.at\/index.php?rest_route=\/wp\/v2\/types\/page"}],"author":[{"embeddable":true,"href":"https:\/\/schranzbuaba.at\/index.php?rest_route=\/wp\/v2\/users\/1"}],"replies":[{"embeddable":true,"href":"https:\/\/schranzbuaba.at\/index.php?rest_route=%2Fwp%2Fv2%2Fcomments&post=48"}],"version-history":[{"count":136,"href":"https:\/\/schranzbuaba.at\/index.php?rest_route=\/wp\/v2\/pages\/48\/revisions"}],"predecessor-version":[{"id":3882,"href":"https:\/\/schranzbuaba.at\/index.php?rest_route=\/wp\/v2\/pages\/48\/revisions\/3882"}],"wp:featuredmedia":[{"embeddable":true,"href":"https:\/\/schranzbuaba.at\/index.php?rest_route=\/wp\/v2\/media\/1732"}],"wp:attachment":[{"href":"https:\/\/schranzbuaba.at\/index.php?rest_route=%2Fwp%2Fv2%2Fmedia&parent=48"}],"wp:term":[{"taxonomy":"post_tag","embeddable":true,"href":"https:\/\/schranzbuaba.at\/index.php?rest_route=%2Fwp%2Fv2%2Ftags&post=48"}],"curies":[{"name":"wp","href":"https:\/\/api.w.org\/{rel}","templated":true}]}}