{"id":42,"date":"2016-02-17T10:28:35","date_gmt":"2016-02-17T09:28:35","guid":{"rendered":"http:\/\/schranzbuaba.at\/?page_id=42"},"modified":"2024-12-19T00:12:51","modified_gmt":"2024-12-18T23:12:51","slug":"team-history","status":"publish","type":"page","link":"https:\/\/schranzbuaba.at\/?page_id=42","title":{"rendered":"TEAM &#038; HISTORY"},"content":{"rendered":"\t\t<div data-elementor-type=\"wp-page\" data-elementor-id=\"42\" class=\"elementor elementor-42\">\n\t\t\t\t\t\t<section class=\"elementor-section elementor-top-section elementor-element elementor-element-3a6d61d elementor-section-boxed elementor-section-height-default elementor-section-height-default\" data-id=\"3a6d61d\" data-element_type=\"section\">\n\t\t\t\t\t\t<div class=\"elementor-container elementor-column-gap-default\">\n\t\t\t\t\t<div class=\"elementor-column elementor-col-100 elementor-top-column elementor-element elementor-element-4d06ca6e\" data-id=\"4d06ca6e\" data-element_type=\"column\">\n\t\t\t<div class=\"elementor-widget-wrap elementor-element-populated\">\n\t\t\t\t\t\t<div class=\"elementor-element elementor-element-d798d8c elementor-widget elementor-widget-text-editor\" data-id=\"d798d8c\" data-element_type=\"widget\" data-widget_type=\"text-editor.default\">\n\t\t\t\t<div class=\"elementor-widget-container\">\n\t\t\t\t\t\t\t\t\t<p><span style=\"color: #808080;\"><strong>#br\u00fcder #tiroler #oberland #schranz #buaba #buben #bergf\u00fchrer #skif\u00fchrer<\/strong><\/span><\/p>\n<p><!-- \/wp:heading --><\/p>\n<p><!-- wp:more --><br \/><\/p><\/div><\/div><\/div><\/div><\/div><\/section><\/div> <a href=\"https:\/\/schranzbuaba.at\/?page_id=42#more-42\" class=\"more-link elementor-more-link\"><span aria-label=\"Weiterlesen: TEAM &#038; HISTORY\">(mehr &hellip;)<\/span><\/a>","protected":false},"excerpt":{"rendered":"<p>#br\u00fcder #tiroler #oberland #schranz #buaba #buben #bergf\u00fchrer #skif\u00fchrer<\/p>\n","protected":false},"author":1,"featured_media":0,"parent":0,"menu_order":0,"comment_status":"closed","ping_status":"closed","template":"","meta":{"jetpack_post_was_ever_published":false,"footnotes":""},"tags":[13],"class_list":["post-42","page","type-page","status-publish","hentry","tag-homeslider"],"jetpack_shortlink":"https:\/\/wp.me\/P7jp0k-G","jetpack_sharing_enabled":true,"_links":{"self":[{"href":"https:\/\/schranzbuaba.at\/index.php?rest_route=\/wp\/v2\/pages\/42","targetHints":{"allow":["GET"]}}],"collection":[{"href":"https:\/\/schranzbuaba.at\/index.php?rest_route=\/wp\/v2\/pages"}],"about":[{"href":"https:\/\/schranzbuaba.at\/index.php?rest_route=\/wp\/v2\/types\/page"}],"author":[{"embeddable":true,"href":"https:\/\/schranzbuaba.at\/index.php?rest_route=\/wp\/v2\/users\/1"}],"replies":[{"embeddable":true,"href":"https:\/\/schranzbuaba.at\/index.php?rest_route=%2Fwp%2Fv2%2Fcomments&post=42"}],"version-history":[{"count":48,"href":"https:\/\/schranzbuaba.at\/index.php?rest_route=\/wp\/v2\/pages\/42\/revisions"}],"predecessor-version":[{"id":3911,"href":"https:\/\/schranzbuaba.at\/index.php?rest_route=\/wp\/v2\/pages\/42\/revisions\/3911"}],"wp:attachment":[{"href":"https:\/\/schranzbuaba.at\/index.php?rest_route=%2Fwp%2Fv2%2Fmedia&parent=42"}],"wp:term":[{"taxonomy":"post_tag","embeddable":true,"href":"https:\/\/schranzbuaba.at\/index.php?rest_route=%2Fwp%2Fv2%2Ftags&post=42"}],"curies":[{"name":"wp","href":"https:\/\/api.w.org\/{rel}","templated":true}]}}