{"id":2113,"date":"2020-12-20T20:39:50","date_gmt":"2020-12-20T19:39:50","guid":{"rendered":"http:\/\/schranzbuaba.at\/?page_id=2113"},"modified":"2022-03-15T08:49:31","modified_gmt":"2022-03-15T07:49:31","slug":"schnee-und-lawinenkunde","status":"publish","type":"page","link":"https:\/\/schranzbuaba.at\/?page_id=2113","title":{"rendered":"Schnee und Lawinenkunde"},"content":{"rendered":"\t\t<div data-elementor-type=\"wp-page\" data-elementor-id=\"2113\" class=\"elementor elementor-2113\">\n\t\t\t\t\t\t<section class=\"elementor-section elementor-top-section elementor-element elementor-element-43e26a40 elementor-section-boxed elementor-section-height-default elementor-section-height-default\" data-id=\"43e26a40\" data-element_type=\"section\">\n\t\t\t\t\t\t<div class=\"elementor-container elementor-column-gap-default\">\n\t\t\t\t\t<div class=\"elementor-column elementor-col-100 elementor-top-column elementor-element elementor-element-39977ff3\" data-id=\"39977ff3\" data-element_type=\"column\">\n\t\t\t<div class=\"elementor-widget-wrap elementor-element-populated\">\n\t\t\t\t\t\t<div class=\"elementor-element elementor-element-26620182 elementor-widget elementor-widget-text-editor\" data-id=\"26620182\" data-element_type=\"widget\" data-widget_type=\"text-editor.default\">\n\t\t\t\t<div class=\"elementor-widget-container\">\n\t\t\t\t\t\t\t\t\t<p><\/p>\n<p><span style=\"color: #808080;\"><strong>#snow #safety #lawine #lvs #training #schranzbuaba #bergf\u00fchrer #skif\u00fchrer #kids #tourenplanung<\/strong><\/span><\/p>\n<p><\/p>\t\t\t\t\t\t\t\t<\/div>\n\t\t\t\t<\/div>\n\t\t\t\t\t<\/div>\n\t\t<\/div>\n\t\t\t\t\t<\/div>\n\t\t<\/section>\n\t\t\t\t<section class=\"elementor-section elementor-top-section elementor-element elementor-element-38560f4 elementor-section-boxed elementor-section-height-default elementor-section-height-default\" data-id=\"38560f4\" data-element_type=\"section\">\n\t\t\t\t\t\t<div class=\"elementor-container elementor-column-gap-default\">\n\t\t\t\t\t<div class=\"elementor-column elementor-col-33 elementor-top-column elementor-element elementor-element-fac81b6\" data-id=\"fac81b6\" data-element_type=\"column\">\n\t\t\t<div class=\"elementor-widget-wrap elementor-element-populated\">\n\t\t\t\t\t\t<div class=\"elementor-element elementor-element-06f40df elementor-widget elementor-widget-image\" data-id=\"06f40df\" data-element_type=\"widget\" data-widget_type=\"image.default\">\n\t\t\t\t<div class=\"elementor-widget-container\">\n\t\t\t\t\t\t\t\t\t\t\t\t\t\t\t<img fetchpriority=\"high\" decoding=\"async\" data-attachment-id=\"2235\" data-permalink=\"https:\/\/schranzbuaba.at\/?attachment_id=2235\" data-orig-file=\"https:\/\/i0.wp.com\/schranzbuaba.at\/wp-content\/uploads\/2020\/12\/IMG_1486-scaled.jpg?fit=2560%2C1707&amp;ssl=1\" data-orig-size=\"2560,1707\" data-comments-opened=\"1\" data-image-meta=\"{&quot;aperture&quot;:&quot;5.6&quot;,&quot;credit&quot;:&quot;&quot;,&quot;camera&quot;:&quot;Canon EOS 5D Mark II&quot;,&quot;caption&quot;:&quot;&quot;,&quot;created_timestamp&quot;:&quot;1576335892&quot;,&quot;copyright&quot;:&quot;&quot;,&quot;focal_length&quot;:&quot;24&quot;,&quot;iso&quot;:&quot;100&quot;,&quot;shutter_speed&quot;:&quot;0.008&quot;,&quot;title&quot;:&quot;&quot;,&quot;orientation&quot;:&quot;0&quot;}\" data-image-title=\"IMG_1486\" data-image-description=\"\" data-image-caption=\"\" data-large-file=\"https:\/\/i0.wp.com\/schranzbuaba.at\/wp-content\/uploads\/2020\/12\/IMG_1486-scaled.jpg?fit=1020%2C680&amp;ssl=1\" width=\"1020\" height=\"680\" src=\"https:\/\/i0.wp.com\/schranzbuaba.at\/wp-content\/uploads\/2020\/12\/IMG_1486-scaled.jpg?fit=1020%2C680\" class=\"attachment-large size-large wp-image-2235\" alt=\"LVS Training\" srcset=\"https:\/\/i0.wp.com\/schranzbuaba.at\/wp-content\/uploads\/2020\/12\/IMG_1486-scaled.jpg?w=2560 2560w, https:\/\/i0.wp.com\/schranzbuaba.at\/wp-content\/uploads\/2020\/12\/IMG_1486-scaled.jpg?resize=632%2C421 632w, https:\/\/i0.wp.com\/schranzbuaba.at\/wp-content\/uploads\/2020\/12\/IMG_1486-scaled.jpg?resize=1020%2C680 1020w, https:\/\/i0.wp.com\/schranzbuaba.at\/wp-content\/uploads\/2020\/12\/IMG_1486-scaled.jpg?resize=768%2C512 768w, https:\/\/i0.wp.com\/schranzbuaba.at\/wp-content\/uploads\/2020\/12\/IMG_1486-scaled.jpg?resize=1536%2C1024 1536w, https:\/\/i0.wp.com\/schranzbuaba.at\/wp-content\/uploads\/2020\/12\/IMG_1486-scaled.jpg?resize=2048%2C1365 2048w, https:\/\/i0.wp.com\/schranzbuaba.at\/wp-content\/uploads\/2020\/12\/IMG_1486-scaled.jpg?w=2360 2360w\" sizes=\"(max-width: 1020px) 100vw, 1020px\" data-attachment-id=\"2235\" data-permalink=\"http:\/\/schranzbuaba.at\/?attachment_id=2235\" data-orig-file=\"https:\/\/i0.wp.com\/schranzbuaba.at\/wp-content\/uploads\/2020\/12\/IMG_1486-scaled.jpg?fit=2560%2C1707\" data-orig-size=\"2560,1707\" data-comments-opened=\"1\" data-image-meta=\"{&quot;aperture&quot;:&quot;5.6&quot;,&quot;credit&quot;:&quot;&quot;,&quot;camera&quot;:&quot;Canon EOS 5D Mark II&quot;,&quot;caption&quot;:&quot;&quot;,&quot;created_timestamp&quot;:&quot;1576335892&quot;,&quot;copyright&quot;:&quot;&quot;,&quot;focal_length&quot;:&quot;24&quot;,&quot;iso&quot;:&quot;100&quot;,&quot;shutter_speed&quot;:&quot;0.008&quot;,&quot;title&quot;:&quot;&quot;,&quot;orientation&quot;:&quot;0&quot;}\" data-image-title=\"IMG_1486\" data-image-description=\"\" data-image-caption=\"\" data-large-file=\"https:\/\/i0.wp.com\/schranzbuaba.at\/wp-content\/uploads\/2020\/12\/IMG_1486-scaled.jpg?fit=1020%2C680\" \/>\t\t\t\t\t\t\t\t\t\t\t\t\t\t\t<\/div>\n\t\t\t\t<\/div>\n\t\t\t\t<div class=\"elementor-element elementor-element-62e8114 elementor-widget elementor-widget-heading\" data-id=\"62e8114\" data-element_type=\"widget\" data-widget_type=\"heading.default\">\n\t\t\t\t<div class=\"elementor-widget-container\">\n\t\t\t\t\t<h2 class=\"elementor-heading-title elementor-size-default\">LVS-TRAINING &amp; SCHNEEKUNDE<\/h2>\t\t\t\t<\/div>\n\t\t\t\t<\/div>\n\t\t\t\t<div class=\"elementor-element elementor-element-60d968d elementor-widget elementor-widget-text-editor\" data-id=\"60d968d\" data-element_type=\"widget\" data-widget_type=\"text-editor.default\">\n\t\t\t\t<div class=\"elementor-widget-container\">\n\t\t\t\t\t\t\t\t\t<p>Mehrere Chancen zum \u00dcben, nur eine Chance im Notfall.\u00a0 \u00a0 \u00a0<\/p>\n<p>W<span style=\"font-family: var( --e-global-typography-text-font-family ), Sans-serif; font-weight: var( --e-global-typography-text-font-weight );\">ir trainieren den Umgang mit dem LVS- Ger\u00e4t und bekommen einen Einblick in die Materie Schnee.<\/span><\/p>\n<p><span style=\"color: #000000;\"><b>Winter 21\/22<\/b><\/span><\/p>\n<p><span style=\"font-family: var( --e-global-typography-text-font-family ), Sans-serif; font-weight: var( --e-global-typography-text-font-weight );\"><strong>UHRZEIT:<\/strong> 09:15 Uhr (ca. 4h)<\/span><\/p>\n<p><span style=\"font-family: var( --e-global-typography-text-font-family ), Sans-serif; font-weight: var( --e-global-typography-text-font-weight );\"><span style=\"color: #4665a7;\"><strong>TREFFPUNKT:<\/strong> <\/span>Fendels Sattelklause 1874m<\/span><\/p>\n<p><span style=\"font-family: var( --e-global-typography-text-font-family ), Sans-serif; font-weight: var( --e-global-typography-text-font-weight );\"><strong>KOSTEN:<\/strong>\u00a0ab \u20ac45,00,- pro Person<\/span><\/p>\n<p><span style=\"font-family: var( --e-global-typography-text-font-family ), Sans-serif; font-weight: var( --e-global-typography-text-font-weight );\">ANMELDUNG: Gruppenanmeldungen sind jederzeit m\u00f6glich.<\/span><\/p>\t\t\t\t\t\t\t\t<\/div>\n\t\t\t\t<\/div>\n\t\t\t\t\t<\/div>\n\t\t<\/div>\n\t\t\t\t<div class=\"elementor-column elementor-col-33 elementor-top-column elementor-element elementor-element-84be808\" data-id=\"84be808\" data-element_type=\"column\">\n\t\t\t<div class=\"elementor-widget-wrap elementor-element-populated\">\n\t\t\t\t\t\t<div class=\"elementor-element elementor-element-b1da7c8 elementor-widget elementor-widget-image\" data-id=\"b1da7c8\" data-element_type=\"widget\" data-widget_type=\"image.default\">\n\t\t\t\t<div class=\"elementor-widget-container\">\n\t\t\t\t\t\t\t\t\t\t\t\t\t\t\t<img decoding=\"async\" data-attachment-id=\"2345\" data-permalink=\"https:\/\/schranzbuaba.at\/?attachment_id=2345\" data-orig-file=\"https:\/\/i0.wp.com\/schranzbuaba.at\/wp-content\/uploads\/2021\/01\/20200215_133458-scaled-e1610725006671.jpg?fit=2150%2C1440&amp;ssl=1\" data-orig-size=\"2150,1440\" data-comments-opened=\"1\" data-image-meta=\"{&quot;aperture&quot;:&quot;1.7&quot;,&quot;credit&quot;:&quot;&quot;,&quot;camera&quot;:&quot;SM-G930F&quot;,&quot;caption&quot;:&quot;&quot;,&quot;created_timestamp&quot;:&quot;1581773698&quot;,&quot;copyright&quot;:&quot;&quot;,&quot;focal_length&quot;:&quot;4.2&quot;,&quot;iso&quot;:&quot;40&quot;,&quot;shutter_speed&quot;:&quot;0.00137741046832&quot;,&quot;title&quot;:&quot;&quot;,&quot;orientation&quot;:&quot;1&quot;}\" data-image-title=\"20200215_133458\" data-image-description=\"\" data-image-caption=\"\" data-large-file=\"https:\/\/i0.wp.com\/schranzbuaba.at\/wp-content\/uploads\/2021\/01\/20200215_133458-scaled-e1610725006671.jpg?fit=1020%2C683&amp;ssl=1\" width=\"1020\" height=\"683\" src=\"https:\/\/i0.wp.com\/schranzbuaba.at\/wp-content\/uploads\/2021\/01\/20200215_133458-scaled-e1610725006671.jpg?fit=1020%2C683\" class=\"attachment-large size-large wp-image-2345\" alt=\"\" srcset=\"https:\/\/i0.wp.com\/schranzbuaba.at\/wp-content\/uploads\/2021\/01\/20200215_133458-scaled-e1610725006671.jpg?w=2150 2150w, https:\/\/i0.wp.com\/schranzbuaba.at\/wp-content\/uploads\/2021\/01\/20200215_133458-scaled-e1610725006671.jpg?resize=632%2C423 632w, https:\/\/i0.wp.com\/schranzbuaba.at\/wp-content\/uploads\/2021\/01\/20200215_133458-scaled-e1610725006671.jpg?resize=1020%2C683 1020w, https:\/\/i0.wp.com\/schranzbuaba.at\/wp-content\/uploads\/2021\/01\/20200215_133458-scaled-e1610725006671.jpg?resize=768%2C514 768w, https:\/\/i0.wp.com\/schranzbuaba.at\/wp-content\/uploads\/2021\/01\/20200215_133458-scaled-e1610725006671.jpg?resize=1536%2C1029 1536w, https:\/\/i0.wp.com\/schranzbuaba.at\/wp-content\/uploads\/2021\/01\/20200215_133458-scaled-e1610725006671.jpg?resize=2048%2C1372 2048w\" sizes=\"(max-width: 1020px) 100vw, 1020px\" data-attachment-id=\"2345\" data-permalink=\"http:\/\/schranzbuaba.at\/?attachment_id=2345\" data-orig-file=\"https:\/\/i0.wp.com\/schranzbuaba.at\/wp-content\/uploads\/2021\/01\/20200215_133458-scaled-e1610725006671.jpg?fit=2150%2C1440\" data-orig-size=\"2150,1440\" data-comments-opened=\"1\" data-image-meta=\"{&quot;aperture&quot;:&quot;1.7&quot;,&quot;credit&quot;:&quot;&quot;,&quot;camera&quot;:&quot;SM-G930F&quot;,&quot;caption&quot;:&quot;&quot;,&quot;created_timestamp&quot;:&quot;1581773698&quot;,&quot;copyright&quot;:&quot;&quot;,&quot;focal_length&quot;:&quot;4.2&quot;,&quot;iso&quot;:&quot;40&quot;,&quot;shutter_speed&quot;:&quot;0.00137741046832&quot;,&quot;title&quot;:&quot;&quot;,&quot;orientation&quot;:&quot;1&quot;}\" data-image-title=\"20200215_133458\" data-image-description=\"\" data-image-caption=\"\" data-large-file=\"https:\/\/i0.wp.com\/schranzbuaba.at\/wp-content\/uploads\/2021\/01\/20200215_133458-scaled-e1610725006671.jpg?fit=1020%2C683\" \/>\t\t\t\t\t\t\t\t\t\t\t\t\t\t\t<\/div>\n\t\t\t\t<\/div>\n\t\t\t\t<div class=\"elementor-element elementor-element-7b0ba77 elementor-widget elementor-widget-heading\" data-id=\"7b0ba77\" data-element_type=\"widget\" data-widget_type=\"heading.default\">\n\t\t\t\t<div class=\"elementor-widget-container\">\n\t\t\t\t\t<h2 class=\"elementor-heading-title elementor-size-default\">Safety Kids Day mit LVS-Training<\/h2>\t\t\t\t<\/div>\n\t\t\t\t<\/div>\n\t\t\t\t<div class=\"elementor-element elementor-element-7842594 elementor-widget elementor-widget-text-editor\" data-id=\"7842594\" data-element_type=\"widget\" data-widget_type=\"text-editor.default\">\n\t\t\t\t<div class=\"elementor-widget-container\">\n\t\t\t\t\t\t\t\t\t<p><span style=\"color: #bc4e51;\">F\u00fcr Kinder und Jugendliche, denn&nbsp;<span style=\"font-family: var( --e-global-typography-text-font-family ), Sans-serif; font-weight: var( --e-global-typography-text-font-weight );\">Sicherheit kennt kein Alter!&nbsp;<\/span><\/span><span style=\"color: #bc4e51; font-family: var( --e-global-typography-text-font-family ), Sans-serif; font-weight: var( --e-global-typography-text-font-weight );\">Wir lernen den Umgang mit Schaufel, Sonde und LVS- Ger\u00e4ten und werden uns der Gefahren im Gel\u00e4nde bewusst.&nbsp;<\/span><\/p>\n<p><span style=\"color: #000000;\"><b>Winter 21\/22<\/b><\/span><\/p>\n<p><span style=\"color: #bc4e51;\"><strong>UHRZEIT:<\/strong> 09:15 Uhr (ca. 4h)<\/span><\/p>\n<p><span style=\"font-family: var( --e-global-typography-text-font-family ), Sans-serif; font-weight: var( --e-global-typography-text-font-weight ); color: #bc4e51;\"><strong>TREFFPUNKT:<\/strong> Fendels Sattelklause 1874m<\/span><\/p>\n<p><span style=\"color: #bc4e51;\"><span style=\"font-family: var( --e-global-typography-text-font-family ), Sans-serif; font-weight: var( --e-global-typography-text-font-weight );\"><strong>K<\/strong><\/span><span style=\"font-family: var( --e-global-typography-text-font-family ), Sans-serif; font-weight: var( --e-global-typography-text-font-weight );\"><strong>OSTEN:<\/strong>&nbsp;ab \u20ac40,00,- pro Person<\/span><\/span><\/p>\n<p><span style=\"color: #bc4e51;\">ANMELDUNG: Gruppenanmeldungen sind jederzeit m\u00f6glich.&nbsp;<\/span><\/p>\t\t\t\t\t\t\t\t<\/div>\n\t\t\t\t<\/div>\n\t\t\t\t\t<\/div>\n\t\t<\/div>\n\t\t\t\t<div class=\"elementor-column elementor-col-33 elementor-top-column elementor-element elementor-element-68f96a2\" data-id=\"68f96a2\" data-element_type=\"column\">\n\t\t\t<div class=\"elementor-widget-wrap elementor-element-populated\">\n\t\t\t\t\t\t<div class=\"elementor-element elementor-element-f8533af elementor-widget elementor-widget-image\" data-id=\"f8533af\" data-element_type=\"widget\" data-widget_type=\"image.default\">\n\t\t\t\t<div class=\"elementor-widget-container\">\n\t\t\t\t\t\t\t\t\t\t\t\t\t\t\t<img decoding=\"async\" data-attachment-id=\"2353\" data-permalink=\"https:\/\/schranzbuaba.at\/?attachment_id=2353\" data-orig-file=\"https:\/\/i0.wp.com\/schranzbuaba.at\/wp-content\/uploads\/2021\/01\/20190421_095449-scaled-e1610726330933.jpg?fit=2150%2C1440&amp;ssl=1\" data-orig-size=\"2150,1440\" data-comments-opened=\"1\" data-image-meta=\"{&quot;aperture&quot;:&quot;1.7&quot;,&quot;credit&quot;:&quot;&quot;,&quot;camera&quot;:&quot;SM-G930F&quot;,&quot;caption&quot;:&quot;&quot;,&quot;created_timestamp&quot;:&quot;1555840489&quot;,&quot;copyright&quot;:&quot;&quot;,&quot;focal_length&quot;:&quot;4.2&quot;,&quot;iso&quot;:&quot;40&quot;,&quot;shutter_speed&quot;:&quot;0.000131027253669&quot;,&quot;title&quot;:&quot;&quot;,&quot;orientation&quot;:&quot;1&quot;}\" data-image-title=\"20190421_095449\" data-image-description=\"\" data-image-caption=\"\" data-large-file=\"https:\/\/i0.wp.com\/schranzbuaba.at\/wp-content\/uploads\/2021\/01\/20190421_095449-scaled-e1610726330933.jpg?fit=1020%2C683&amp;ssl=1\" width=\"1020\" height=\"683\" src=\"https:\/\/i0.wp.com\/schranzbuaba.at\/wp-content\/uploads\/2021\/01\/20190421_095449-scaled-e1610726330933.jpg?fit=1020%2C683\" class=\"attachment-large size-large wp-image-2353\" alt=\"\" srcset=\"https:\/\/i0.wp.com\/schranzbuaba.at\/wp-content\/uploads\/2021\/01\/20190421_095449-scaled-e1610726330933.jpg?w=2150 2150w, https:\/\/i0.wp.com\/schranzbuaba.at\/wp-content\/uploads\/2021\/01\/20190421_095449-scaled-e1610726330933.jpg?resize=632%2C423 632w, https:\/\/i0.wp.com\/schranzbuaba.at\/wp-content\/uploads\/2021\/01\/20190421_095449-scaled-e1610726330933.jpg?resize=1020%2C683 1020w, https:\/\/i0.wp.com\/schranzbuaba.at\/wp-content\/uploads\/2021\/01\/20190421_095449-scaled-e1610726330933.jpg?resize=768%2C514 768w, https:\/\/i0.wp.com\/schranzbuaba.at\/wp-content\/uploads\/2021\/01\/20190421_095449-scaled-e1610726330933.jpg?resize=1536%2C1029 1536w, https:\/\/i0.wp.com\/schranzbuaba.at\/wp-content\/uploads\/2021\/01\/20190421_095449-scaled-e1610726330933.jpg?resize=2048%2C1372 2048w\" sizes=\"(max-width: 1020px) 100vw, 1020px\" data-attachment-id=\"2353\" data-permalink=\"http:\/\/schranzbuaba.at\/?attachment_id=2353\" data-orig-file=\"https:\/\/i0.wp.com\/schranzbuaba.at\/wp-content\/uploads\/2021\/01\/20190421_095449-scaled-e1610726330933.jpg?fit=2150%2C1440\" data-orig-size=\"2150,1440\" data-comments-opened=\"1\" data-image-meta=\"{&quot;aperture&quot;:&quot;1.7&quot;,&quot;credit&quot;:&quot;&quot;,&quot;camera&quot;:&quot;SM-G930F&quot;,&quot;caption&quot;:&quot;&quot;,&quot;created_timestamp&quot;:&quot;1555840489&quot;,&quot;copyright&quot;:&quot;&quot;,&quot;focal_length&quot;:&quot;4.2&quot;,&quot;iso&quot;:&quot;40&quot;,&quot;shutter_speed&quot;:&quot;0.000131027253669&quot;,&quot;title&quot;:&quot;&quot;,&quot;orientation&quot;:&quot;1&quot;}\" data-image-title=\"20190421_095449\" data-image-description=\"\" data-image-caption=\"\" data-large-file=\"https:\/\/i0.wp.com\/schranzbuaba.at\/wp-content\/uploads\/2021\/01\/20190421_095449-scaled-e1610726330933.jpg?fit=1020%2C683\" \/>\t\t\t\t\t\t\t\t\t\t\t\t\t\t\t<\/div>\n\t\t\t\t<\/div>\n\t\t\t\t<div class=\"elementor-element elementor-element-fdaaa7c elementor-widget elementor-widget-heading\" data-id=\"fdaaa7c\" data-element_type=\"widget\" data-widget_type=\"heading.default\">\n\t\t\t\t<div class=\"elementor-widget-container\">\n\t\t\t\t\t<h2 class=\"elementor-heading-title elementor-size-default\">Skitour mit Touren-planung<\/h2>\t\t\t\t<\/div>\n\t\t\t\t<\/div>\n\t\t\t\t<div class=\"elementor-element elementor-element-e344a1a elementor-widget elementor-widget-text-editor\" data-id=\"e344a1a\" data-element_type=\"widget\" data-widget_type=\"text-editor.default\">\n\t\t\t\t<div class=\"elementor-widget-container\">\n\t\t\t\t\t\t\t\t\t<p><span style=\"color: #559767; font-family: var( --e-global-typography-text-font-family ), Sans-serif; font-weight: var( --e-global-typography-text-font-weight );\">Nach gemeinsamer Planung geht es auf ins Gel\u00e4nde. Themen wie die aktuelle Lawinensituation, Entscheidungsfindung, Gefahrenzeichen werden dabei n\u00e4her gebracht.<\/span><span style=\"color: #559767; font-family: var( --e-global-typography-text-font-family ), Sans-serif; font-weight: var( --e-global-typography-text-font-weight );\">\u00a0<\/span><\/p>\n<p><span style=\"color: #000000;\"><b>Winter 21\/22<\/b><\/span><\/p>\n<p><span style=\"color: #559767;\"><strong>START:<\/strong> 08:00 Uhr (ganztags)<\/span><span style=\"color: #559767; font-family: var( --e-global-typography-text-font-family ), Sans-serif; font-weight: var( --e-global-typography-text-font-weight );\">\u00a0\u00a0<\/span><\/p>\n<p><span style=\"color: #559767; font-family: var( --e-global-typography-text-font-family ), Sans-serif; font-weight: var( --e-global-typography-text-font-weight );\"><strong>TREFFPUNKT:<\/strong> Infoh\u00e4uschen Platz, Abzw. Kaltenbrunn<\/span><\/p>\n<p><span style=\"color: #559767; font-family: var( --e-global-typography-text-font-family ), Sans-serif; font-weight: var( --e-global-typography-text-font-weight );\"><strong>KOSTEN:<\/strong>\u00a0ab \u20ac67,00,- pro Person<\/span><\/p>\n<p><span style=\"color: #559767;\">ANMELDUNG: Gruppenanmeldungen sind jederzeit m\u00f6glich.<\/span><\/p>\n<p>\u00a0<\/p>\t\t\t\t\t\t\t\t<\/div>\n\t\t\t\t<\/div>\n\t\t\t\t\t<\/div>\n\t\t<\/div>\n\t\t\t\t\t<\/div>\n\t\t<\/section>\n\t\t\t\t<section class=\"elementor-section elementor-top-section elementor-element elementor-element-6c3a52f elementor-section-boxed elementor-section-height-default elementor-section-height-default\" data-id=\"6c3a52f\" data-element_type=\"section\">\n\t\t\t\t\t\t<div class=\"elementor-container elementor-column-gap-default\">\n\t\t\t\t\t<div class=\"elementor-column elementor-col-100 elementor-top-column elementor-element elementor-element-a20fd4c\" data-id=\"a20fd4c\" data-element_type=\"column\">\n\t\t\t<div class=\"elementor-widget-wrap elementor-element-populated\">\n\t\t\t\t\t\t<div class=\"elementor-element elementor-element-1b6ba53 elementor-widget elementor-widget-heading\" data-id=\"1b6ba53\" data-element_type=\"widget\" data-widget_type=\"heading.default\">\n\t\t\t\t<div class=\"elementor-widget-container\">\n\t\t\t\t\t<h2 class=\"elementor-heading-title elementor-size-default\">ANMELDUNG<\/h2>\t\t\t\t<\/div>\n\t\t\t\t<\/div>\n\t\t\t\t<div class=\"elementor-element elementor-element-cbbdf7b elementor-widget elementor-widget-form\" data-id=\"cbbdf7b\" data-element_type=\"widget\" data-widget_type=\"form.default\">\n\t\t\t\t<div class=\"elementor-widget-container\">\n\t\t\t\t\t \t\t\t\t<\/div>\n\t\t\t\t<\/div>\n\t\t\t\t<div class=\"elementor-element elementor-element-d9b7262 elementor-widget elementor-widget-text-editor\" data-id=\"d9b7262\" data-element_type=\"widget\" data-widget_type=\"text-editor.default\">\n\t\t\t\t<div class=\"elementor-widget-container\">\n\t\t\t\t\t\t\t\t\t<p>ALLGEMEIN<\/p>\n<ul>\n<li>Nach der Anmeldung bekommen Sie eine Best\u00e4tigungs- E-Mail mit weiteren Informationen.<\/li>\n<li><span style=\"color: var( --e-global-color-text ); font-family: var( --e-global-typography-text-font-family ), Sans-serif; font-weight: var( --e-global-typography-text-font-weight );\">Begrenzte Teilnehmerzahl.&nbsp;<\/span><span style=\"color: var( --e-global-color-text ); font-family: var( --e-global-typography-text-font-family ), Sans-serif; font-weight: var( --e-global-typography-text-font-weight );\">Mindestteilnehmer 8 Personen.&nbsp;<\/span><\/li>\n<li><span style=\"color: var( --e-global-color-text ); font-family: var( --e-global-typography-text-font-family ), Sans-serif; font-weight: var( --e-global-typography-text-font-weight );\">Durchf\u00fchrung auf Vorbehalt aufgrund der geltenden COVID-19 Ma\u00dfnahmen zum Durchf\u00fchrungszeitpunkt.&nbsp;<\/span><\/li>\n<\/ul>\n<div>OPTIONAL<\/div>\n<ul>\n<li>\u20ac5,00,- f\u00fcr Leihausr\u00fcstung nur im Set m\u00f6glich (Schaufel, Sonde &amp; LVS)<\/li>\n<li>Liftkarte Skigebiet Fendels f\u00fcr LVS- Training<\/li>\n<li>evtl. Mautgeb\u00fchr Kaunertaler Gletscher am Skitourentag<\/li>\n<\/ul>\n<div>AGB<\/div>\n<ul>\n<li><a href=\"http:\/\/schranzbuaba.at\/wp-content\/uploads\/2020\/12\/AGB-Schranzbuaba.pdf\">AGB-de.pdf<\/a><\/li>\n<\/ul>\t\t\t\t\t\t\t\t<\/div>\n\t\t\t\t<\/div>\n\t\t\t\t\t<\/div>\n\t\t<\/div>\n\t\t\t\t\t<\/div>\n\t\t<\/section>\n\t\t\t\t<\/div>\n\t\t","protected":false},"excerpt":{"rendered":"<p>#snow #safety #lawine #lvs #training #schranzbuaba #bergf\u00fchrer #skif\u00fchrer #kids #tourenplanung LVS-TRAINING &amp; SCHNEEKUNDE Mehrere Chancen zum \u00dcben, nur eine Chance im Notfall.\u00a0 \u00a0 \u00a0 Wir trainieren den Umgang mit dem LVS- Ger\u00e4t und bekommen einen Einblick in die Materie Schnee. Winter 21\/22 UHRZEIT: 09:15 Uhr (ca. 4h) TREFFPUNKT: Fendels Sattelklause 1874m KOSTEN:\u00a0ab \u20ac45,00,- pro Person [&hellip;]<\/p>\n","protected":false},"author":1,"featured_media":2114,"parent":1934,"menu_order":0,"comment_status":"closed","ping_status":"closed","template":"","meta":{"jetpack_post_was_ever_published":false,"footnotes":""},"tags":[],"class_list":["post-2113","page","type-page","status-publish","has-post-thumbnail","hentry"],"jetpack_shortlink":"https:\/\/wp.me\/P7jp0k-y5","jetpack_sharing_enabled":true,"_links":{"self":[{"href":"https:\/\/schranzbuaba.at\/index.php?rest_route=\/wp\/v2\/pages\/2113","targetHints":{"allow":["GET"]}}],"collection":[{"href":"https:\/\/schranzbuaba.at\/index.php?rest_route=\/wp\/v2\/pages"}],"about":[{"href":"https:\/\/schranzbuaba.at\/index.php?rest_route=\/wp\/v2\/types\/page"}],"author":[{"embeddable":true,"href":"https:\/\/schranzbuaba.at\/index.php?rest_route=\/wp\/v2\/users\/1"}],"replies":[{"embeddable":true,"href":"https:\/\/schranzbuaba.at\/index.php?rest_route=%2Fwp%2Fv2%2Fcomments&post=2113"}],"version-history":[{"count":151,"href":"https:\/\/schranzbuaba.at\/index.php?rest_route=\/wp\/v2\/pages\/2113\/revisions"}],"predecessor-version":[{"id":3329,"href":"https:\/\/schranzbuaba.at\/index.php?rest_route=\/wp\/v2\/pages\/2113\/revisions\/3329"}],"up":[{"embeddable":true,"href":"https:\/\/schranzbuaba.at\/index.php?rest_route=\/wp\/v2\/pages\/1934"}],"wp:featuredmedia":[{"embeddable":true,"href":"https:\/\/schranzbuaba.at\/index.php?rest_route=\/wp\/v2\/media\/2114"}],"wp:attachment":[{"href":"https:\/\/schranzbuaba.at\/index.php?rest_route=%2Fwp%2Fv2%2Fmedia&parent=2113"}],"wp:term":[{"taxonomy":"post_tag","embeddable":true,"href":"https:\/\/schranzbuaba.at\/index.php?rest_route=%2Fwp%2Fv2%2Ftags&post=2113"}],"curies":[{"name":"wp","href":"https:\/\/api.w.org\/{rel}","templated":true}]}}