{"id":162,"date":"2016-02-17T13:22:40","date_gmt":"2016-02-17T12:22:40","guid":{"rendered":"http:\/\/schranzbuaba.at\/?page_id=162"},"modified":"2025-01-24T19:07:40","modified_gmt":"2025-01-24T18:07:40","slug":"christoph-schranz","status":"publish","type":"page","link":"https:\/\/schranzbuaba.at\/?page_id=162","title":{"rendered":"Christoph Schranz"},"content":{"rendered":"\t\t<div data-elementor-type=\"wp-page\" data-elementor-id=\"162\" class=\"elementor elementor-162\">\n\t\t\t\t\t\t<section class=\"elementor-section elementor-top-section elementor-element elementor-element-5fa981a elementor-section-boxed elementor-section-height-default elementor-section-height-default\" data-id=\"5fa981a\" data-element_type=\"section\">\n\t\t\t\t\t\t<div class=\"elementor-container elementor-column-gap-default\">\n\t\t\t\t\t<div class=\"elementor-column elementor-col-100 elementor-top-column elementor-element elementor-element-8874228\" data-id=\"8874228\" data-element_type=\"column\">\n\t\t\t<div class=\"elementor-widget-wrap elementor-element-populated\">\n\t\t\t\t\t\t<div class=\"elementor-element elementor-element-75787d4 elementor-widget elementor-widget-heading\" data-id=\"75787d4\" data-element_type=\"widget\" data-widget_type=\"heading.default\">\n\t\t\t\t<div class=\"elementor-widget-container\">\n\t\t\t\t\t<h4 class=\"elementor-heading-title elementor-size-default\"><h4 class=\"elementor-heading-title elementor-size-default elementor-inline-editing pen\" data-elementor-setting-key=\"title\" data-pen-placeholder=\"Eingabe hier...\" style=\"font-family: var( --e-global-typography-primary-font-family ), Sans-serif;font-weight: var( --e-global-typography-primary-font-weight )\">#bergf\u00fchrer #skif\u00fchrer #christoph #schranz #tirol #tiroler #oberland #unterland #engadin #s\u00fcdtirol <\/h4><\/h4>\t\t\t\t<\/div>\n\t\t\t\t<\/div>\n\t\t\t\t<div class=\"elementor-element elementor-element-918f355 elementor-widget elementor-widget-image\" data-id=\"918f355\" data-element_type=\"widget\" data-widget_type=\"image.default\">\n\t\t\t\t<div class=\"elementor-widget-container\">\n\t\t\t\t\t\t\t\t\t\t\t\t\t\t\t<img fetchpriority=\"high\" decoding=\"async\" data-attachment-id=\"2947\" data-permalink=\"https:\/\/schranzbuaba.at\/?attachment_id=2947\" data-orig-file=\"https:\/\/i0.wp.com\/schranzbuaba.at\/wp-content\/uploads\/2021\/07\/IMG_3528-scaled.jpg?fit=1920%2C2560&amp;ssl=1\" data-orig-size=\"1920,2560\" data-comments-opened=\"1\" data-image-meta=\"{&quot;aperture&quot;:&quot;1.6&quot;,&quot;credit&quot;:&quot;&quot;,&quot;camera&quot;:&quot;iPhone 12&quot;,&quot;caption&quot;:&quot;&quot;,&quot;created_timestamp&quot;:&quot;1620985688&quot;,&quot;copyright&quot;:&quot;&quot;,&quot;focal_length&quot;:&quot;4.2&quot;,&quot;iso&quot;:&quot;32&quot;,&quot;shutter_speed&quot;:&quot;0.00149253731343&quot;,&quot;title&quot;:&quot;&quot;,&quot;orientation&quot;:&quot;1&quot;}\" data-image-title=\"Profilbild\" data-image-description=\"\" data-image-caption=\"\" data-large-file=\"https:\/\/i0.wp.com\/schranzbuaba.at\/wp-content\/uploads\/2021\/07\/IMG_3528-scaled.jpg?fit=1020%2C1360&amp;ssl=1\" width=\"632\" height=\"843\" src=\"https:\/\/i0.wp.com\/schranzbuaba.at\/wp-content\/uploads\/2021\/07\/IMG_3528-scaled.jpg?fit=632%2C843&amp;ssl=1\" class=\"attachment-medium size-medium wp-image-2947\" alt=\"\" srcset=\"https:\/\/i0.wp.com\/schranzbuaba.at\/wp-content\/uploads\/2021\/07\/IMG_3528-scaled.jpg?w=1920&amp;ssl=1 1920w, https:\/\/i0.wp.com\/schranzbuaba.at\/wp-content\/uploads\/2021\/07\/IMG_3528-scaled.jpg?resize=632%2C843&amp;ssl=1 632w, https:\/\/i0.wp.com\/schranzbuaba.at\/wp-content\/uploads\/2021\/07\/IMG_3528-scaled.jpg?resize=1020%2C1360&amp;ssl=1 1020w, https:\/\/i0.wp.com\/schranzbuaba.at\/wp-content\/uploads\/2021\/07\/IMG_3528-scaled.jpg?resize=768%2C1024&amp;ssl=1 768w, https:\/\/i0.wp.com\/schranzbuaba.at\/wp-content\/uploads\/2021\/07\/IMG_3528-scaled.jpg?resize=1152%2C1536&amp;ssl=1 1152w, https:\/\/i0.wp.com\/schranzbuaba.at\/wp-content\/uploads\/2021\/07\/IMG_3528-scaled.jpg?resize=1536%2C2048&amp;ssl=1 1536w\" sizes=\"(max-width: 632px) 100vw, 632px\" data-attachment-id=\"2947\" data-permalink=\"https:\/\/schranzbuaba.at\/?attachment_id=2947\" data-orig-file=\"https:\/\/i0.wp.com\/schranzbuaba.at\/wp-content\/uploads\/2021\/07\/IMG_3528-scaled.jpg?fit=1920%2C2560&amp;ssl=1\" data-orig-size=\"1920,2560\" data-comments-opened=\"1\" data-image-meta=\"{&quot;aperture&quot;:&quot;1.6&quot;,&quot;credit&quot;:&quot;&quot;,&quot;camera&quot;:&quot;iPhone 12&quot;,&quot;caption&quot;:&quot;&quot;,&quot;created_timestamp&quot;:&quot;1620985688&quot;,&quot;copyright&quot;:&quot;&quot;,&quot;focal_length&quot;:&quot;4.2&quot;,&quot;iso&quot;:&quot;32&quot;,&quot;shutter_speed&quot;:&quot;0.00149253731343&quot;,&quot;title&quot;:&quot;&quot;,&quot;orientation&quot;:&quot;1&quot;}\" data-image-title=\"Profilbild\" data-image-description=\"\" data-image-caption=\"\" data-large-file=\"https:\/\/i0.wp.com\/schranzbuaba.at\/wp-content\/uploads\/2021\/07\/IMG_3528-scaled.jpg?fit=1020%2C1360&amp;ssl=1\" \/>\t\t\t\t\t\t\t\t\t\t\t\t\t\t\t<\/div>\n\t\t\t\t<\/div>\n\t\t\t\t\t<\/div>\n\t\t<\/div>\n\t\t\t\t\t<\/div>\n\t\t<\/section>\n\t\t\t\t<section class=\"elementor-section elementor-top-section elementor-element elementor-element-24e366f elementor-section-boxed elementor-section-height-default elementor-section-height-default\" data-id=\"24e366f\" data-element_type=\"section\">\n\t\t\t\t\t\t<div class=\"elementor-container elementor-column-gap-default\">\n\t\t\t\t\t<div class=\"elementor-column elementor-col-100 elementor-top-column elementor-element elementor-element-1fe48b9\" data-id=\"1fe48b9\" data-element_type=\"column\">\n\t\t\t<div class=\"elementor-widget-wrap\">\n\t\t\t\t\t\t\t<\/div>\n\t\t<\/div>\n\t\t\t\t\t<\/div>\n\t\t<\/section>\n\t\t\t\t<section class=\"elementor-section elementor-top-section elementor-element elementor-element-c39a562 elementor-section-boxed elementor-section-height-default elementor-section-height-default\" data-id=\"c39a562\" data-element_type=\"section\">\n\t\t\t\t\t\t<div class=\"elementor-container elementor-column-gap-default\">\n\t\t\t\t\t<div class=\"elementor-column elementor-col-100 elementor-top-column elementor-element elementor-element-213abff\" data-id=\"213abff\" data-element_type=\"column\">\n\t\t\t<div class=\"elementor-widget-wrap elementor-element-populated\">\n\t\t\t\t\t\t<div class=\"elementor-element elementor-element-ca804e5 elementor-widget elementor-widget-text-editor\" data-id=\"ca804e5\" data-element_type=\"widget\" data-widget_type=\"text-editor.default\">\n\t\t\t\t<div class=\"elementor-widget-container\">\n\t\t\t\t\t\t\t\t\t<p style=\"margin-bottom: 0cm; line-height: 16px; caret-color: #000000; color: #000000; font-variant-ligatures: normal; font-variant-east-asian: normal; font-variant-position: normal; text-align: left;\"><span style=\"display: inline-block; border: none; padding: 0cm;\"><span style=\"font-family: FreightSans Pro, Segoe UI, SanFrancisco Display, Arial, sans-serif;\"><span style=\"font-size: 14pt;\"><span style=\"color: #46707f;\"><span style=\"font-family: var e-global-typography-text-font-family, Sans-serif;\"><span style=\"font-size: 9pt;\"><span style=\"color: #17181a;\">Mit etwa 10 Jahren unternahm ich erste Bergtouren mit meiner Familie.<\/span><\/span><\/span><\/span><\/span><\/span><\/span><\/p><ul style=\"caret-color: #000000; color: #000000;\"><li><p style=\"margin-bottom: 0.25cm; line-height: 18.399999618530273px; border: none; padding: 0cm; font-variant-ligatures: normal; font-variant-east-asian: normal; font-variant-position: normal;\" align=\"left\"><span style=\"color: #7a7a7a;\"><span style=\"font-family: Roboto, sans-serif;\"><span style=\"font-size: 9pt;\">Mit 16 erste alpine Felstouren im Sommer sowie erste Eis- und Skitouren<\/span><\/span><\/span><\/p><p style=\"margin-bottom: 0.25cm; line-height: 18.399999618530273px; border: none; padding: 0cm; font-variant-ligatures: normal; font-variant-east-asian: normal; font-variant-position: normal;\" align=\"left\"><span style=\"color: #000000; font-variant-ligatures: normal; font-variant-east-asian: normal; font-variant-position: normal;\"><span style=\"color: #46707f;\"><strong>\u00a0<\/strong><\/span><\/span><span style=\"color: #000000; font-variant-ligatures: normal; font-variant-east-asian: normal; font-variant-position: normal;\"><span style=\"color: #46707f;\"><span style=\"font-size: 9pt;\"><strong>Seither:<\/strong><\/span><\/span><\/span><\/p><\/li><\/ul><ul style=\"caret-color: #000000; color: #000000;\"><li><p style=\"margin-bottom: 0cm; line-height: 18.399999618530273px; border: none; padding: 0cm;\" align=\"left\"><span style=\"display: inline-block; border: none; padding: 0cm;\"><span style=\"font-variant-ligatures: normal; font-variant-east-asian: normal; font-variant-position: normal;\"><span style=\"color: #7a7a7a;\"><span style=\"font-family: Roboto, sans-serif;\"><span style=\"font-size: 9pt;\"><strong>Felsklettern:<\/strong><\/span><\/span><\/span><\/span><\/span><\/p><ul><li><p style=\"margin-bottom: 0cm; line-height: 18.399999618530273px; border: none; padding: 0cm; font-variant-ligatures: normal; font-variant-east-asian: normal; font-variant-position: normal;\" align=\"left\"><span style=\"color: #7a7a7a;\"><span style=\"font-family: Roboto, sans-serif;\"><span style=\"font-size: 9pt;\">Bigwall Erstbegehungen im Himalaya, Gr\u00f6nland, Kirgistan<\/span><\/span><\/span><\/p><\/li><li><p style=\"margin-bottom: 0cm; line-height: 18.399999618530273px; border: none; padding: 0cm; font-variant-ligatures: normal; font-variant-east-asian: normal; font-variant-position: normal;\" align=\"left\"><span style=\"color: #7a7a7a;\"><span style=\"font-family: Roboto, sans-serif;\"><span style=\"font-size: 9pt;\">Sportklettern: ca. 400 Routen zwischen 8a und 8c+<\/span><\/span><\/span><\/p><\/li><li><p style=\"margin-bottom: 0cm; line-height: 18.399999618530273px; border: none; padding: 0cm; font-variant-ligatures: normal; font-variant-east-asian: normal; font-variant-position: normal;\" align=\"left\"><span style=\"color: #7a7a7a;\"><span style=\"font-family: Roboto, sans-serif;\"><span style=\"font-size: 9pt;\">Onsight bis 8a+<\/span><\/span><\/span><\/p><\/li><li><p style=\"margin-bottom: 0cm; line-height: 18.399999618530273px; border: none; padding: 0cm; font-variant-ligatures: normal; font-variant-east-asian: normal; font-variant-position: normal;\" align=\"left\"><span style=\"color: #7a7a7a;\"><span style=\"font-family: Roboto, sans-serif;\"><span style=\"font-size: 9pt;\">Tradrouten bis 8b<\/span><\/span><\/span><\/p><\/li><li><p style=\"margin-bottom: 0cm; line-height: 18.399999618530273px; border: none; padding: 0cm; font-variant-ligatures: normal; font-variant-east-asian: normal; font-variant-position: normal;\" align=\"left\"><span style=\"color: #7a7a7a;\"><span style=\"font-family: Roboto, sans-serif;\"><span style=\"font-size: 9pt;\">Alpine Mehrseill\u00e4ngenrouten bis zum 8ten Franzosengrad Rotpunkt, z.b.: FA &#8222;Ocha-Schau-Schuich&#8220; 8c Hohe Munde, &#8222;New Age&#8220; 8a+ R\u00e4tikon; &#8222;Alte Telfer&#8220; 8b Hohe Munde; &#8222;Golden Shower&#8220; 8b+ Gorges du Verdon; &#8222;Westie Face&#8220; 5.13 Leaning Tower, Yosemite<\/span><\/span><\/span><\/p><\/li><li><p style=\"margin-bottom: 0.25cm; line-height: 18.399999618530273px; border: none; padding: 0cm; font-variant-ligatures: normal; font-variant-east-asian: normal; font-variant-position: normal;\" align=\"left\"><span style=\"color: #7a7a7a;\"><span style=\"font-family: Roboto, sans-serif;\"><span style=\"font-size: 9pt;\">Erstbegehungen weltweit bis zum Schwierigkeitsgrad 8c;<\/span><\/span><\/span><\/p><\/li><\/ul><\/li><\/ul><ul style=\"caret-color: #000000; color: #000000;\"><li><p style=\"margin-bottom: 0cm; line-height: 18.399999618530273px; border: none; padding: 0cm;\" align=\"left\"><span style=\"display: inline-block; border: none; padding: 0cm;\"><span style=\"font-variant-ligatures: normal; font-variant-east-asian: normal; font-variant-position: normal;\"><span style=\"color: #7a7a7a;\"><span style=\"font-family: Roboto, sans-serif;\"><span style=\"font-size: 9pt;\"><strong>Eis- &amp; Mixedklettern:<\/strong><\/span><\/span><\/span><\/span><\/span><\/p><ul><li><p style=\"margin-bottom: 0cm; line-height: 18.399999618530273px; border: none; padding: 0cm; font-variant-ligatures: normal; font-variant-east-asian: normal; font-variant-position: normal;\" align=\"left\"><span style=\"color: #7a7a7a;\"><span style=\"font-family: Roboto, sans-serif;\"><span style=\"font-size: 9pt;\">bis WI7: Body Count (Brandnertal), Marylin Manson (Brandnertal), Eis F\u00f6hnig (Renkf\u00e4lle),&#8230;<\/span><\/span><\/span><\/p><\/li><li><p style=\"margin-bottom: 0cm; line-height: 18.399999618530273px; border: none; padding: 0cm; font-variant-ligatures: normal; font-variant-east-asian: normal; font-variant-position: normal;\" align=\"left\"><span style=\"color: #7a7a7a;\"><span style=\"font-family: Roboto, sans-serif;\"><span style=\"font-size: 9pt;\">Einige Erstbegehungen wie z.B. Schwarzwand- Strengen, Dicke Lippe- Kaunertal,&#8230;<\/span><\/span><\/span><\/p><\/li><li><p style=\"margin-bottom: 0cm; line-height: 18.399999618530273px; border: none; padding: 0cm; font-variant-ligatures: normal; font-variant-east-asian: normal; font-variant-position: normal;\" align=\"left\"><span style=\"color: #7a7a7a;\"><span style=\"font-family: Roboto, sans-serif;\"><span style=\"font-size: 9pt;\">Schwierige Solo- Begehungen<\/span><\/span><\/span><\/p><\/li><li><p style=\"margin-bottom: 0cm; line-height: 18.399999618530273px; border: none; padding: 0cm; font-variant-ligatures: normal; font-variant-east-asian: normal; font-variant-position: normal;\" align=\"left\"><span style=\"color: #7a7a7a;\"><span style=\"font-family: Roboto, sans-serif;\"><span style=\"font-size: 9pt;\">Eiskletterreise nach Kanada<\/span><\/span><\/span><\/p><\/li><li><p style=\"margin-bottom: 0.25cm; line-height: 18.399999618530273px; border: none; padding: 0cm; font-variant-ligatures: normal; font-variant-east-asian: normal; font-variant-position: normal;\" align=\"left\"><span style=\"color: #7a7a7a;\"><span style=\"font-family: Roboto, sans-serif;\"><span style=\"font-size: 9pt;\">Viele kombinierte Nordw\u00e4nde der Alpen, darunter Eiger Nordwand schon mehrere Male; Grandes Jorasses NW 2 mal,\u00a0Matterhorn NW Les Droites NW mehrfach; &#8222;Ghost Dog&#8220; Pordoi uvm.<\/span><\/span><\/span><\/p><\/li><\/ul><\/li><\/ul><ul style=\"caret-color: #000000; color: #000000;\"><li><p style=\"margin-bottom: 0cm; line-height: 18.399999618530273px; border: none; padding: 0cm; font-variant-ligatures: normal; font-variant-east-asian: normal; font-variant-position: normal;\" align=\"left\"><span style=\"color: #7a7a7a;\"><span style=\"font-family: Roboto, sans-serif;\"><span style=\"font-size: 9pt;\">6000er in Nepal, Erstbesteigung in Indien<\/span><\/span><\/span><\/p><\/li><li><p style=\"margin-bottom: 0cm; line-height: 18.399999618530273px; border: none; padding: 0cm; font-variant-ligatures: normal; font-variant-east-asian: normal; font-variant-position: normal;\" align=\"left\"><span style=\"color: #7a7a7a;\"><span style=\"font-family: Roboto, sans-serif;\"><span style=\"font-size: 9pt;\">Expeditionen nach Gr\u00f6nland, Indien, Patagonien, Nepal, Kirgistan&#8230;<\/span><\/span><\/span><\/p><\/li><li><p style=\"margin-bottom: 0cm; line-height: 18.399999618530273px; border: none; padding: 0cm; font-variant-ligatures: normal; font-variant-east-asian: normal; font-variant-position: normal;\" align=\"left\"><span style=\"color: #7a7a7a;\"><span style=\"font-family: Roboto, sans-serif;\"><span style=\"font-size: 9pt;\">Unz\u00e4hlige Skitouren in den Alpen, Ski- Erstbefahrungen im Hausgebiet<\/span><\/span><\/span><\/p><\/li><li><p style=\"margin-bottom: 0cm; line-height: 18.399999618530273px; border: none; padding: 0cm; font-variant-ligatures: normal; font-variant-east-asian: normal; font-variant-position: normal;\" align=\"left\"><span style=\"color: #7a7a7a;\"><span style=\"font-family: Roboto, sans-serif;\"><span style=\"font-size: 9pt;\">Berg- und Schif\u00fchrer seit 2015<\/span><\/span><\/span><\/p><\/li><li><p style=\"margin-bottom: 0.25cm; line-height: 24px; border: none; padding: 0cm;\" align=\"left\"><span style=\"font-variant-ligatures: normal; font-variant-east-asian: normal; font-variant-position: normal;\"><span style=\"color: #7a7a7a;\"><span style=\"font-family: Roboto, sans-serif;\"><span style=\"font-size: 9pt;\">Hier noch ein Link f\u00fcr weitere Informationen zu meiner Person:\u00a0<\/span><\/span><\/span><\/span><span style=\"display: inline-block; border: none; padding: 0cm;\"><span style=\"font-variant-ligatures: normal; font-variant-east-asian: normal; font-variant-position: normal;\"><span style=\"color: #03a9f4;\"><span style=\"font-family: Open Sans;\"><span style=\"font-size: 9pt;\"><a style=\"color: #000080; text-decoration: underline;\" href=\"http:\/\/schranzbuaba.at\/wp-content\/uploads\/2016\/02\/christoph-schranz-portfolio.pdf\" target=\"_blank\" rel=\"noopener\">Christoph Schranz Portfolio<\/a><\/span><\/span><\/span><\/span><\/span><\/p><\/li><\/ul><hr style=\"caret-color: #000000; color: #000000;\" \/><p style=\"margin-bottom: 0.32cm; line-height: 25.600000381469727px; caret-color: #000000; color: #000000; border: none; padding: 0cm; font-variant-ligatures: normal; font-variant-east-asian: normal; font-variant-position: normal;\" align=\"left\"><span style=\"color: #46707f;\"><span style=\"font-family: Open Sans;\"><span style=\"font-size: 9pt;\">Tel: +43 650 591 2959<\/span><\/span><\/span><\/p><p style=\"margin-bottom: 0cm; line-height: 24px; caret-color: #000000; color: #000000; border: none; padding: 0cm;\" align=\"left\"><span style=\"font-variant-ligatures: normal; font-variant-east-asian: normal; font-variant-position: normal;\"><span style=\"color: #46707f;\"><span style=\"font-family: Open Sans;\"><span style=\"font-size: 9pt;\">E- Mail:\u00a0<\/span><\/span><\/span><\/span><span style=\"display: inline-block; border: none; padding: 0cm;\"><span style=\"font-variant-ligatures: normal; font-variant-east-asian: normal; font-variant-position: normal;\"><span style=\"color: #03a9f4;\"><span style=\"font-family: Open Sans;\"><span style=\"font-size: 9pt;\"><a>christoph@schranzbuaba.at<\/a><\/span><\/span><\/span><\/span><\/span><\/p><p style=\"margin-bottom: 0cm; line-height: 16px; caret-color: #000000; color: #000000; font-variant-ligatures: normal; font-variant-east-asian: normal; font-variant-position: normal;\">\u00a0<\/p>\t\t\t\t\t\t\t\t<\/div>\n\t\t\t\t<\/div>\n\t\t\t\t\t<\/div>\n\t\t<\/div>\n\t\t\t\t\t<\/div>\n\t\t<\/section>\n\t\t\t\t<section class=\"elementor-section elementor-top-section elementor-element elementor-element-f82f836 elementor-section-boxed elementor-section-height-default elementor-section-height-default\" data-id=\"f82f836\" data-element_type=\"section\">\n\t\t\t\t\t\t<div class=\"elementor-container elementor-column-gap-default\">\n\t\t\t\t\t<div class=\"elementor-column elementor-col-100 elementor-top-column elementor-element elementor-element-a2b329f\" data-id=\"a2b329f\" data-element_type=\"column\">\n\t\t\t<div class=\"elementor-widget-wrap elementor-element-populated\">\n\t\t\t\t\t\t<div class=\"elementor-element elementor-element-c425992 elementor-widget elementor-widget-media-carousel\" data-id=\"c425992\" data-element_type=\"widget\" data-widget_type=\"media-carousel.default\">\n\t\t\t\t<div class=\"elementor-widget-container\">\n\t\t\t\t\t \t\t\t\t<\/div>\n\t\t\t\t<\/div>\n\t\t\t\t\t<\/div>\n\t\t<\/div>\n\t\t\t\t\t<\/div>\n\t\t<\/section>\n\t\t\t\t<\/div>\n\t\t","protected":false},"excerpt":{"rendered":"<p>#bergf\u00fchrer #skif\u00fchrer #christoph #schranz #tirol #tiroler #oberland #unterland #engadin #s\u00fcdtirol Mit etwa 10 Jahren unternahm ich erste Bergtouren mit meiner Familie. Mit 16 erste alpine Felstouren im Sommer sowie erste Eis- und Skitouren \u00a0Seither: Felsklettern: Bigwall Erstbegehungen im Himalaya, Gr\u00f6nland, Kirgistan Sportklettern: ca. 400 Routen zwischen 8a und 8c+ Onsight bis 8a+ Tradrouten bis 8b [&hellip;]<\/p>\n","protected":false},"author":1,"featured_media":334,"parent":42,"menu_order":0,"comment_status":"closed","ping_status":"closed","template":"","meta":{"jetpack_post_was_ever_published":false,"footnotes":""},"tags":[],"class_list":["post-162","page","type-page","status-publish","has-post-thumbnail","hentry"],"jetpack_shortlink":"https:\/\/wp.me\/P7jp0k-2C","jetpack_sharing_enabled":true,"_links":{"self":[{"href":"https:\/\/schranzbuaba.at\/index.php?rest_route=\/wp\/v2\/pages\/162","targetHints":{"allow":["GET"]}}],"collection":[{"href":"https:\/\/schranzbuaba.at\/index.php?rest_route=\/wp\/v2\/pages"}],"about":[{"href":"https:\/\/schranzbuaba.at\/index.php?rest_route=\/wp\/v2\/types\/page"}],"author":[{"embeddable":true,"href":"https:\/\/schranzbuaba.at\/index.php?rest_route=\/wp\/v2\/users\/1"}],"replies":[{"embeddable":true,"href":"https:\/\/schranzbuaba.at\/index.php?rest_route=%2Fwp%2Fv2%2Fcomments&post=162"}],"version-history":[{"count":70,"href":"https:\/\/schranzbuaba.at\/index.php?rest_route=\/wp\/v2\/pages\/162\/revisions"}],"predecessor-version":[{"id":3927,"href":"https:\/\/schranzbuaba.at\/index.php?rest_route=\/wp\/v2\/pages\/162\/revisions\/3927"}],"up":[{"embeddable":true,"href":"https:\/\/schranzbuaba.at\/index.php?rest_route=\/wp\/v2\/pages\/42"}],"wp:featuredmedia":[{"embeddable":true,"href":"https:\/\/schranzbuaba.at\/index.php?rest_route=\/wp\/v2\/media\/334"}],"wp:attachment":[{"href":"https:\/\/schranzbuaba.at\/index.php?rest_route=%2Fwp%2Fv2%2Fmedia&parent=162"}],"wp:term":[{"taxonomy":"post_tag","embeddable":true,"href":"https:\/\/schranzbuaba.at\/index.php?rest_route=%2Fwp%2Fv2%2Ftags&post=162"}],"curies":[{"name":"wp","href":"https:\/\/api.w.org\/{rel}","templated":true}]}}